{"id":4733,"date":"2025-06-19T21:33:12","date_gmt":"2025-06-19T19:33:12","guid":{"rendered":"https:\/\/designarbeit.com\/neustadtpraxis\/?page_id=4733"},"modified":"2025-06-20T10:13:35","modified_gmt":"2025-06-20T08:13:35","slug":"elementor-4733","status":"publish","type":"page","link":"https:\/\/designarbeit.com\/neustadtpraxis\/elementor-4733\/","title":{"rendered":"Dr. Bachmann"},"content":{"rendered":"\t\t<div data-elementor-type=\"wp-page\" data-elementor-id=\"4733\" class=\"elementor elementor-4733\" data-elementor-post-type=\"page\">\n\t\t\t\t\t\t<section class=\"elementor-section elementor-top-section elementor-element elementor-element-5285bc4 elementor-section-boxed elementor-section-height-default elementor-section-height-default\" data-id=\"5285bc4\" data-element_type=\"section\">\n\t\t\t\t\t\t<div class=\"elementor-container elementor-column-gap-default\">\n\t\t\t\t\t<div class=\"elementor-column elementor-col-50 elementor-top-column elementor-element elementor-element-7aaf74e animated-slow elementor-invisible\" data-id=\"7aaf74e\" data-element_type=\"column\" data-settings=\"{&quot;animation&quot;:&quot;fadeIn&quot;}\">\n\t\t\t<div class=\"elementor-widget-wrap elementor-element-populated\">\n\t\t\t\t\t\t<div class=\"elementor-element elementor-element-6cbeb8e elementor-widget elementor-widget-heading\" data-id=\"6cbeb8e\" data-element_type=\"widget\" data-widget_type=\"heading.default\">\n\t\t\t\t<div class=\"elementor-widget-container\">\n\t\t\t\t\t<h1 class=\"elementor-heading-title elementor-size-default\">Herr Dr. Bachmann<\/h1>\t\t\t\t<\/div>\n\t\t\t\t<\/div>\n\t\t\t\t\t<\/div>\n\t\t<\/div>\n\t\t\t\t<div class=\"elementor-column elementor-col-50 elementor-top-column elementor-element elementor-element-b09d642\" data-id=\"b09d642\" data-element_type=\"column\">\n\t\t\t<div class=\"elementor-widget-wrap\">\n\t\t\t\t\t\t\t<\/div>\n\t\t<\/div>\n\t\t\t\t\t<\/div>\n\t\t<\/section>\n\t\t\t\t<section class=\"elementor-section elementor-top-section elementor-element elementor-element-76885ff elementor-section-boxed elementor-section-height-default elementor-section-height-default\" data-id=\"76885ff\" data-element_type=\"section\">\n\t\t\t\t\t\t<div class=\"elementor-container elementor-column-gap-default\">\n\t\t\t\t\t<div class=\"elementor-column elementor-col-50 elementor-top-column elementor-element elementor-element-fca6025 animated-slow elementor-invisible\" data-id=\"fca6025\" data-element_type=\"column\" data-settings=\"{&quot;animation&quot;:&quot;fadeIn&quot;}\">\n\t\t\t<div class=\"elementor-widget-wrap elementor-element-populated\">\n\t\t\t\t\t\t<div class=\"elementor-element elementor-element-e3dc4b9 elementor-invisible elementor-widget elementor-widget-text-editor\" data-id=\"e3dc4b9\" data-element_type=\"widget\" data-settings=\"{&quot;_animation&quot;:&quot;fadeIn&quot;}\" data-widget_type=\"text-editor.default\">\n\t\t\t\t<div class=\"elementor-widget-container\">\n\t\t\t\t\t\t\t\t\t<div id=\"cc-m-7223965081\" class=\"j-module n j-text \" style=\"padding: 5px; overflow-wrap: break-word; color: #444444; font-family: 'Noto Sans', sans-serif, google; font-size: 15px; line-height: 1.75em;\"><p style=\"margin-right: 0px; margin-bottom: 0px; margin-left: 0px;\"><strong>Sehr geehrte Patientinnen und Patienten!<\/strong><\/p><p class=\"p2\">Ab 01.09.2025 wird in unserer Praxis Herr Paul Bachmann anfangen, als Arzt in Weiterbildung zu arbeiten. Er wird in unserer Praxis die letzten 2 Jahre seiner Ausbildung zum Facharzt f\u00fcr Allgemeinmedizin absolvieren.<\/p><p class=\"p2\">Herr Bachmann ist in Kamenz aufgewachsen und absolvierte zuerst eine Ausbildung zum Krankenpfleger in Berlin. Im Anschluss studierte er in Halle Humanmedizin. Seit 2022 ist er als Arzt in unserer Region t\u00e4tig, unter anderem in Senftenberg und Hoyerswerda. Erfahrungen sammelte er in der Abteilung f\u00fcr Pulmologie, Onkologie, Intensivmedizin und Psychiatrie. Au\u00dferdem befindet er sich in Ausbildung zum Notarzt und war bereits f\u00fcr 6 Monate in der Notaufnahme am Lausitzer Seenlandklinikum t\u00e4tig.<\/p><p class=\"p2\">Er hat sich zu meiner Freude entschieden die letzten 2 Jahre seiner Ausbildung bei uns in der Praxis zu absolvieren. Herr Bachmann ist in seiner Ausbildung soweit, dass er selbst\u00e4ndig Patienten behandeln und Entscheidungen treffen kann, wobei ich ihm als ausbildende \u00c4rztin in allen fachlichen Fragen zur Seite stehe.<\/p><p class=\"p2\">Liebe Patientinnen und Patienten, die Qualit\u00e4t unserer Arbeit ist mir pers\u00f6nlich sehr wichtig. Mit Herrn Bachmann konnte ich einen sehr guten Arzt gewinnen und ich bin sicher, dass sie auch weiterhin zufrieden sein werden.<\/p><p class=\"p2\">Mit Ihrer Kenntnisnahme dieses Informationsblattes erhoffe ich mir Ihr Einverst\u00e4ndnis dazu, dass Herr Bachmann Ihre pers\u00f6nliche Krankenakte einsehen darf. Sollte jemand von Ihnen jedoch ausdr\u00fccklich die Behandlung ausschlie\u00dflich durch mich w\u00fcnschen, so z\u00f6gern Sie bitte nicht, dies an der Anmeldung auch so mitzuteilen.<\/p><p class=\"p2\">Ihre Dr. Viera Donovalova<\/p><p><strong>Ich danke Ihnen f\u00fcr Ihr Vertrauen!<\/strong> <br \/>Ihre MUDr. Viera Donovalova<\/p><\/div>\t\t\t\t\t\t\t\t<\/div>\n\t\t\t\t<\/div>\n\t\t\t\t\t<\/div>\n\t\t<\/div>\n\t\t\t\t<div class=\"elementor-column elementor-col-50 elementor-top-column elementor-element elementor-element-2bb6f27\" data-id=\"2bb6f27\" data-element_type=\"column\">\n\t\t\t<div class=\"elementor-widget-wrap elementor-element-populated\">\n\t\t\t\t\t\t<div class=\"elementor-element elementor-element-12c83e7 animated-slow elementor-invisible elementor-widget elementor-widget-image\" data-id=\"12c83e7\" data-element_type=\"widget\" data-settings=\"{&quot;_animation&quot;:&quot;fadeIn&quot;}\" data-widget_type=\"image.default\">\n\t\t\t\t<div class=\"elementor-widget-container\">\n\t\t\t\t\t\t\t\t\t\t\t\t\t\t\t<img fetchpriority=\"high\" decoding=\"async\" width=\"754\" height=\"1024\" src=\"https:\/\/designarbeit.com\/neustadtpraxis\/wp-content\/uploads\/sites\/3\/2025\/06\/PHOTO-2025-05-03-17-29-39-2-754x1024.png\" class=\"attachment-large size-large wp-image-4739\" alt=\"\" srcset=\"https:\/\/designarbeit.com\/neustadtpraxis\/wp-content\/uploads\/sites\/3\/2025\/06\/PHOTO-2025-05-03-17-29-39-2-754x1024.png 754w, https:\/\/designarbeit.com\/neustadtpraxis\/wp-content\/uploads\/sites\/3\/2025\/06\/PHOTO-2025-05-03-17-29-39-2-221x300.png 221w, https:\/\/designarbeit.com\/neustadtpraxis\/wp-content\/uploads\/sites\/3\/2025\/06\/PHOTO-2025-05-03-17-29-39-2-768x1044.png 768w, https:\/\/designarbeit.com\/neustadtpraxis\/wp-content\/uploads\/sites\/3\/2025\/06\/PHOTO-2025-05-03-17-29-39-2-1130x1536.png 1130w, https:\/\/designarbeit.com\/neustadtpraxis\/wp-content\/uploads\/sites\/3\/2025\/06\/PHOTO-2025-05-03-17-29-39-2.png 1507w\" sizes=\"(max-width: 754px) 100vw, 754px\" \/>\t\t\t\t\t\t\t\t\t\t\t\t\t\t\t<\/div>\n\t\t\t\t<\/div>\n\t\t\t\t<div class=\"elementor-element elementor-element-7636bef elementor-widget elementor-widget-text-editor\" data-id=\"7636bef\" data-element_type=\"widget\" data-widget_type=\"text-editor.default\">\n\t\t\t\t<div class=\"elementor-widget-container\">\n\t\t\t\t\t\t\t\t\t<p>\u00a0 \u00a0 \u00a0 \u00a0 \u00a0 \u00a0 \u00a0 \u00a0 \u00a0 \u00a0 \u00a0 Herr Dr. Bachmann<\/p>\t\t\t\t\t\t\t\t<\/div>\n\t\t\t\t<\/div>\n\t\t\t\t\t<\/div>\n\t\t<\/div>\n\t\t\t\t\t<\/div>\n\t\t<\/section>\n\t\t\t\t<section class=\"elementor-section elementor-top-section elementor-element elementor-element-276c50e6 elementor-section-height-min-height elementor-section-boxed elementor-section-height-default elementor-section-items-middle\" data-id=\"276c50e6\" data-element_type=\"section\" data-settings=\"{&quot;background_background&quot;:&quot;classic&quot;}\">\n\t\t\t\t\t\t\t<div class=\"elementor-background-overlay\"><\/div>\n\t\t\t\t\t\t\t<div class=\"elementor-container elementor-column-gap-default\">\n\t\t\t\t\t<div class=\"elementor-column elementor-col-100 elementor-top-column elementor-element elementor-element-4bdee4eb\" data-id=\"4bdee4eb\" data-element_type=\"column\">\n\t\t\t<div class=\"elementor-widget-wrap elementor-element-populated\">\n\t\t\t\t\t\t<div class=\"elementor-element elementor-element-374fc1b1 elementor-widget elementor-widget-heading\" data-id=\"374fc1b1\" data-element_type=\"widget\" data-widget_type=\"heading.default\">\n\t\t\t\t<div class=\"elementor-widget-container\">\n\t\t\t\t\t<h2 class=\"elementor-heading-title elementor-size-default\">GEMEINSAM F\u00dcR  IHRE GESUNDHEIT<\/h2>\t\t\t\t<\/div>\n\t\t\t\t<\/div>\n\t\t\t\t<div class=\"elementor-element elementor-element-7fee7aa2 elementor-widget elementor-widget-text-editor\" data-id=\"7fee7aa2\" data-element_type=\"widget\" data-widget_type=\"text-editor.default\">\n\t\t\t\t<div class=\"elementor-widget-container\">\n\t\t\t\t\t\t\t\t\t<p>Praxis MUDr. Viera Donovalova<\/p>\t\t\t\t\t\t\t\t<\/div>\n\t\t\t\t<\/div>\n\t\t\t\t<div class=\"elementor-element elementor-element-6b570a9d elementor-align-center elementor-widget elementor-widget-button\" data-id=\"6b570a9d\" data-element_type=\"widget\" data-widget_type=\"button.default\">\n\t\t\t\t<div class=\"elementor-widget-container\">\n\t\t\t\t\t\t\t\t\t<div class=\"elementor-button-wrapper\">\n\t\t\t\t\t<a class=\"elementor-button elementor-button-link elementor-size-md\" href=\"https:\/\/designarbeit.com\/neustadtpraxis\/termin\/\">\n\t\t\t\t\t\t<span class=\"elementor-button-content-wrapper\">\n\t\t\t\t\t\t\t\t\t<span class=\"elementor-button-text\">Termin<\/span>\n\t\t\t\t\t<\/span>\n\t\t\t\t\t<\/a>\n\t\t\t\t<\/div>\n\t\t\t\t\t\t\t\t<\/div>\n\t\t\t\t<\/div>\n\t\t\t\t\t<\/div>\n\t\t<\/div>\n\t\t\t\t\t<\/div>\n\t\t<\/section>\n\t\t\t\t<\/div>\n\t\t","protected":false},"excerpt":{"rendered":"<p>Herr Dr. Bachmann Sehr geehrte Patientinnen und Patienten! Ab 01.09.2025 wird in unserer Praxis Herr Paul Bachmann anfangen, als Arzt in Weiterbildung zu arbeiten. Er wird in unserer Praxis die letzten 2 Jahre seiner Ausbildung zum Facharzt f\u00fcr Allgemeinmedizin absolvieren. Herr Bachmann ist in Kamenz aufgewachsen und absolvierte zuerst eine Ausbildung zum Krankenpfleger in Berlin. [&hellip;]<\/p>\n","protected":false},"author":1,"featured_media":0,"parent":0,"menu_order":0,"comment_status":"closed","ping_status":"closed","template":"elementor_header_footer","meta":{"footnotes":""},"class_list":["post-4733","page","type-page","status-publish","hentry"],"_links":{"self":[{"href":"https:\/\/designarbeit.com\/neustadtpraxis\/wp-json\/wp\/v2\/pages\/4733","targetHints":{"allow":["GET"]}}],"collection":[{"href":"https:\/\/designarbeit.com\/neustadtpraxis\/wp-json\/wp\/v2\/pages"}],"about":[{"href":"https:\/\/designarbeit.com\/neustadtpraxis\/wp-json\/wp\/v2\/types\/page"}],"author":[{"embeddable":true,"href":"https:\/\/designarbeit.com\/neustadtpraxis\/wp-json\/wp\/v2\/users\/1"}],"replies":[{"embeddable":true,"href":"https:\/\/designarbeit.com\/neustadtpraxis\/wp-json\/wp\/v2\/comments?post=4733"}],"version-history":[{"count":17,"href":"https:\/\/designarbeit.com\/neustadtpraxis\/wp-json\/wp\/v2\/pages\/4733\/revisions"}],"predecessor-version":[{"id":4753,"href":"https:\/\/designarbeit.com\/neustadtpraxis\/wp-json\/wp\/v2\/pages\/4733\/revisions\/4753"}],"wp:attachment":[{"href":"https:\/\/designarbeit.com\/neustadtpraxis\/wp-json\/wp\/v2\/media?parent=4733"}],"curies":[{"name":"wp","href":"https:\/\/api.w.org\/{rel}","templated":true}]}}