{"id":4010,"date":"2022-08-21T14:05:14","date_gmt":"2022-08-21T12:05:14","guid":{"rendered":"https:\/\/designarbeit.com\/neustadtpraxis\/?page_id=4010"},"modified":"2022-08-23T07:35:56","modified_gmt":"2022-08-23T05:35:56","slug":"frau-dr-med-alexandra-barthold","status":"publish","type":"page","link":"https:\/\/designarbeit.com\/neustadtpraxis\/frau-dr-med-alexandra-barthold\/","title":{"rendered":""},"content":{"rendered":"\t\t<div data-elementor-type=\"wp-page\" data-elementor-id=\"4010\" class=\"elementor elementor-4010\" data-elementor-post-type=\"page\">\n\t\t\t\t\t\t<section class=\"elementor-section elementor-top-section elementor-element elementor-element-dd1d714 elementor-section-boxed elementor-section-height-default elementor-section-height-default\" data-id=\"dd1d714\" data-element_type=\"section\">\n\t\t\t\t\t\t<div class=\"elementor-container elementor-column-gap-default\">\n\t\t\t\t\t<div class=\"elementor-column elementor-col-100 elementor-top-column elementor-element elementor-element-8378a10\" data-id=\"8378a10\" data-element_type=\"column\">\n\t\t\t<div class=\"elementor-widget-wrap elementor-element-populated\">\n\t\t\t\t\t\t<div class=\"elementor-element elementor-element-b27d3e6 elementor-widget elementor-widget-spacer\" data-id=\"b27d3e6\" data-element_type=\"widget\" data-widget_type=\"spacer.default\">\n\t\t\t\t<div class=\"elementor-widget-container\">\n\t\t\t\t\t\t\t<div class=\"elementor-spacer\">\n\t\t\t<div class=\"elementor-spacer-inner\"><\/div>\n\t\t<\/div>\n\t\t\t\t\t\t<\/div>\n\t\t\t\t<\/div>\n\t\t\t\t<div class=\"elementor-element elementor-element-7a0b8a9e elementor-widget elementor-widget-heading\" data-id=\"7a0b8a9e\" data-element_type=\"widget\" data-widget_type=\"heading.default\">\n\t\t\t\t<div class=\"elementor-widget-container\">\n\t\t\t\t\t<h2 class=\"elementor-heading-title elementor-size-default\">Dr. Alexandra Barthold <\/h2>\t\t\t\t<\/div>\n\t\t\t\t<\/div>\n\t\t\t\t\t<\/div>\n\t\t<\/div>\n\t\t\t\t\t<\/div>\n\t\t<\/section>\n\t\t\t\t<section class=\"elementor-section elementor-top-section elementor-element elementor-element-118b3feb elementor-section-boxed elementor-section-height-default elementor-section-height-default\" data-id=\"118b3feb\" data-element_type=\"section\" data-settings=\"{&quot;background_background&quot;:&quot;classic&quot;}\">\n\t\t\t\t\t\t<div class=\"elementor-container elementor-column-gap-default\">\n\t\t\t\t\t<div class=\"elementor-column elementor-col-50 elementor-top-column elementor-element elementor-element-2fc8053e\" data-id=\"2fc8053e\" data-element_type=\"column\">\n\t\t\t<div class=\"elementor-widget-wrap elementor-element-populated\">\n\t\t\t\t\t\t<div class=\"elementor-element elementor-element-59b4408f elementor-widget elementor-widget-spacer\" data-id=\"59b4408f\" data-element_type=\"widget\" data-widget_type=\"spacer.default\">\n\t\t\t\t<div class=\"elementor-widget-container\">\n\t\t\t\t\t\t\t<div class=\"elementor-spacer\">\n\t\t\t<div class=\"elementor-spacer-inner\"><\/div>\n\t\t<\/div>\n\t\t\t\t\t\t<\/div>\n\t\t\t\t<\/div>\n\t\t\t\t<div class=\"elementor-element elementor-element-17948cad elementor-invisible elementor-widget elementor-widget-text-editor\" data-id=\"17948cad\" data-element_type=\"widget\" data-settings=\"{&quot;_animation&quot;:&quot;fadeIn&quot;}\" data-widget_type=\"text-editor.default\">\n\t\t\t\t<div class=\"elementor-widget-container\">\n\t\t\t\t\t\t\t\t\t<div id=\"cc-m-7223965081\" class=\"j-module n j-text \" style=\"padding: 5px; overflow-wrap: break-word; color: #444444; font-family: 'Noto Sans', sans-serif, google; font-size: 15px; line-height: 1.75em;\"><p style=\"margin-right: 0px; margin-bottom: 0px; margin-left: 0px;\"><strong>Sehr geehrte Patientinnen und Patienten!<\/strong><\/p><p>Ich freue mich, Ihnen mitteilen zu k\u00f6nnen, dass ab dem 01.10.2022 Frau dr. med. Alexandra Barthold in unserer Praxis ihre abschlie\u00dfenden zwei Jahre Weiterbildungszeit zur Fach\u00e4rztin f\u00fcr Allgemeinmedizin absolvieren wird.<\/p><p>Frau dr. med. Barthold stammt als geb\u00fcrtige Zschopauerin aus dem Erzgebirge und absolvierte von 2013 bis 2019 das Studium der Humanmedizin an der Universit\u00e4t P\u00e9cs in Ungarn. Anschlie\u00dfend begann sie ihre Ausbildung zur Allgemeinmedizinerin von 2019 bis 2022 im Lausitzer Seenlandklinikum in Hoyerswerda. In dieser Zeit hat sie bereits umfassende Kenntnisse und praktische Erfahrungen insbesondere in der Pulmologie, Kardiologie, Geriatrie, Gastroenterologie und Orthop\u00e4die erworben.<\/p><p>Im Rahmen der F\u00f6rderung durch die Kassen\u00e4rztliche Vereinigung Sachsen und das S\u00e4chsische Staatsministerium f\u00fcr Soziales und Gesellschaftliches wird Frau dr. med. Barthold nach ihrer Weiterbildung in Sachsen als Fach\u00e4rztin f\u00fcr Allgemeinmedizin t\u00e4tig bleiben.<\/p><p>Zu meiner Freude hat Frau dr. med. Barthold sich entschieden, die letzten zwei Jahre ihrer Ausbildung nun bei uns in der Praxis anzutreten. Mit ihren fachlichen F\u00e4higkeiten und ihrer Empathie wird sie unser Team ideal erg\u00e4nzen. Selbstverst\u00e4ndlich stehe ich ihr w\u00e4hrend dieser Zeit als ausbildende \u00c4rztin immer zur Seite und arbeite in allen Belangen mit Frau dr. med. Barthold eng zusammen.<\/p><p>Liebe Patientinnen und Patienten, die Qualit\u00e4t unserer Arbeit ist mir pers\u00f6nlich sehr wichtig. Mit Frau dr. med. Barthold konnte ich eine sehr gute \u00c4rztin gewinnen und ich hoffe, dass Sie weiterhin rundum mit uns zufrieden sind. Sollte jemand von Ihnen trotzdem ausdr\u00fccklich die Behandlung ausschlie\u00dflich bei mir w\u00fcnschen, so teilen Sie dies bitte schon bei der Anmeldung mit.<\/p><p><strong>Ich danke Ihnen f\u00fcr Ihr Vertrauen!<\/strong> <br \/>Ihre MUDr. Viera Donovalova<\/p><\/div>\t\t\t\t\t\t\t\t<\/div>\n\t\t\t\t<\/div>\n\t\t\t\t\t<\/div>\n\t\t<\/div>\n\t\t\t\t<div class=\"elementor-column elementor-col-50 elementor-top-column elementor-element elementor-element-45bc0097\" data-id=\"45bc0097\" data-element_type=\"column\">\n\t\t\t<div class=\"elementor-widget-wrap elementor-element-populated\">\n\t\t\t\t\t\t<div class=\"elementor-element elementor-element-14654fc0 elementor-invisible elementor-widget elementor-widget-image\" data-id=\"14654fc0\" data-element_type=\"widget\" data-settings=\"{&quot;_animation&quot;:&quot;fadeIn&quot;}\" data-widget_type=\"image.default\">\n\t\t\t\t<div class=\"elementor-widget-container\">\n\t\t\t\t\t\t\t\t\t\t\t\t\t\t\t<img fetchpriority=\"high\" decoding=\"async\" width=\"683\" height=\"1024\" src=\"https:\/\/designarbeit.com\/neustadtpraxis\/wp-content\/uploads\/sites\/3\/2022\/08\/7000d082-961c-4555-a8de-941520fb9e73.png\" class=\"attachment-large size-large wp-image-4016\" alt=\"\" srcset=\"https:\/\/designarbeit.com\/neustadtpraxis\/wp-content\/uploads\/sites\/3\/2022\/08\/7000d082-961c-4555-a8de-941520fb9e73.png 683w, https:\/\/designarbeit.com\/neustadtpraxis\/wp-content\/uploads\/sites\/3\/2022\/08\/7000d082-961c-4555-a8de-941520fb9e73-200x300.png 200w\" sizes=\"(max-width: 683px) 100vw, 683px\" \/>\t\t\t\t\t\t\t\t\t\t\t\t\t\t\t<\/div>\n\t\t\t\t<\/div>\n\t\t\t\t<div class=\"elementor-element elementor-element-1ddb3a8 elementor-widget elementor-widget-text-editor\" data-id=\"1ddb3a8\" data-element_type=\"widget\" data-widget_type=\"text-editor.default\">\n\t\t\t\t<div class=\"elementor-widget-container\">\n\t\t\t\t\t\t\t\t\t<p>&nbsp; &nbsp; &nbsp; &nbsp; &nbsp; &nbsp; &nbsp; &nbsp; &nbsp; &nbsp; &nbsp; &nbsp; &nbsp; &nbsp; &nbsp; &nbsp; &nbsp; &nbsp;Frau dr. med. Alexandra Barthold<\/p>\t\t\t\t\t\t\t\t<\/div>\n\t\t\t\t<\/div>\n\t\t\t\t\t<\/div>\n\t\t<\/div>\n\t\t\t\t\t<\/div>\n\t\t<\/section>\n\t\t\t\t<section class=\"elementor-section elementor-top-section elementor-element elementor-element-5dfcf7b3 elementor-section-height-min-height elementor-section-boxed elementor-section-height-default elementor-section-items-middle\" data-id=\"5dfcf7b3\" data-element_type=\"section\" data-settings=\"{&quot;background_background&quot;:&quot;classic&quot;}\">\n\t\t\t\t\t\t\t<div class=\"elementor-background-overlay\"><\/div>\n\t\t\t\t\t\t\t<div class=\"elementor-container elementor-column-gap-default\">\n\t\t\t\t\t<div class=\"elementor-column elementor-col-100 elementor-top-column elementor-element elementor-element-6e7c1bd\" data-id=\"6e7c1bd\" data-element_type=\"column\">\n\t\t\t<div class=\"elementor-widget-wrap elementor-element-populated\">\n\t\t\t\t\t\t<div class=\"elementor-element elementor-element-5a8f2694 elementor-widget elementor-widget-heading\" data-id=\"5a8f2694\" data-element_type=\"widget\" data-widget_type=\"heading.default\">\n\t\t\t\t<div class=\"elementor-widget-container\">\n\t\t\t\t\t<h2 class=\"elementor-heading-title elementor-size-default\">GEMEINSAM F\u00dcR  IHRE GESUNDHEIT<\/h2>\t\t\t\t<\/div>\n\t\t\t\t<\/div>\n\t\t\t\t<div class=\"elementor-element elementor-element-75f27e58 elementor-widget elementor-widget-text-editor\" data-id=\"75f27e58\" data-element_type=\"widget\" data-widget_type=\"text-editor.default\">\n\t\t\t\t<div class=\"elementor-widget-container\">\n\t\t\t\t\t\t\t\t\t<p>Praxis MUDr. Viera Donovalova<\/p>\t\t\t\t\t\t\t\t<\/div>\n\t\t\t\t<\/div>\n\t\t\t\t<div class=\"elementor-element elementor-element-21f8a40b elementor-align-center elementor-widget elementor-widget-button\" data-id=\"21f8a40b\" data-element_type=\"widget\" data-widget_type=\"button.default\">\n\t\t\t\t<div class=\"elementor-widget-container\">\n\t\t\t\t\t\t\t\t\t<div class=\"elementor-button-wrapper\">\n\t\t\t\t\t<a class=\"elementor-button elementor-button-link elementor-size-md\" href=\"https:\/\/designarbeit.com\/neustadtpraxis\/termin\/\">\n\t\t\t\t\t\t<span class=\"elementor-button-content-wrapper\">\n\t\t\t\t\t\t\t\t\t<span class=\"elementor-button-text\">Termin<\/span>\n\t\t\t\t\t<\/span>\n\t\t\t\t\t<\/a>\n\t\t\t\t<\/div>\n\t\t\t\t\t\t\t\t<\/div>\n\t\t\t\t<\/div>\n\t\t\t\t\t<\/div>\n\t\t<\/div>\n\t\t\t\t\t<\/div>\n\t\t<\/section>\n\t\t\t\t<\/div>\n\t\t","protected":false},"excerpt":{"rendered":"<p>Dr. Alexandra Barthold Sehr geehrte Patientinnen und Patienten! Ich freue mich, Ihnen mitteilen zu k\u00f6nnen, dass ab dem 01.10.2022 Frau dr. med. Alexandra Barthold in unserer Praxis ihre abschlie\u00dfenden zwei Jahre Weiterbildungszeit zur Fach\u00e4rztin f\u00fcr Allgemeinmedizin absolvieren wird. Frau dr. med. Barthold stammt als geb\u00fcrtige Zschopauerin aus dem Erzgebirge und absolvierte von 2013 bis 2019 [&hellip;]<\/p>\n","protected":false},"author":1,"featured_media":0,"parent":0,"menu_order":0,"comment_status":"closed","ping_status":"closed","template":"elementor_theme","meta":{"footnotes":""},"class_list":["post-4010","page","type-page","status-publish","hentry"],"_links":{"self":[{"href":"https:\/\/designarbeit.com\/neustadtpraxis\/wp-json\/wp\/v2\/pages\/4010","targetHints":{"allow":["GET"]}}],"collection":[{"href":"https:\/\/designarbeit.com\/neustadtpraxis\/wp-json\/wp\/v2\/pages"}],"about":[{"href":"https:\/\/designarbeit.com\/neustadtpraxis\/wp-json\/wp\/v2\/types\/page"}],"author":[{"embeddable":true,"href":"https:\/\/designarbeit.com\/neustadtpraxis\/wp-json\/wp\/v2\/users\/1"}],"replies":[{"embeddable":true,"href":"https:\/\/designarbeit.com\/neustadtpraxis\/wp-json\/wp\/v2\/comments?post=4010"}],"version-history":[{"count":23,"href":"https:\/\/designarbeit.com\/neustadtpraxis\/wp-json\/wp\/v2\/pages\/4010\/revisions"}],"predecessor-version":[{"id":4051,"href":"https:\/\/designarbeit.com\/neustadtpraxis\/wp-json\/wp\/v2\/pages\/4010\/revisions\/4051"}],"wp:attachment":[{"href":"https:\/\/designarbeit.com\/neustadtpraxis\/wp-json\/wp\/v2\/media?parent=4010"}],"curies":[{"name":"wp","href":"https:\/\/api.w.org\/{rel}","templated":true}]}}