{"id":3781,"date":"2022-05-13T10:00:15","date_gmt":"2022-05-13T08:00:15","guid":{"rendered":"https:\/\/designarbeit.com\/neustadtpraxis\/?page_id=3781"},"modified":"2025-12-11T21:39:58","modified_gmt":"2025-12-11T20:39:58","slug":"urlaub","status":"publish","type":"page","link":"https:\/\/designarbeit.com\/neustadtpraxis\/urlaub\/","title":{"rendered":"Urlaub"},"content":{"rendered":"\t\t<div data-elementor-type=\"wp-page\" data-elementor-id=\"3781\" class=\"elementor elementor-3781\" data-elementor-post-type=\"page\">\n\t\t\t\t\t\t<section class=\"elementor-section elementor-top-section elementor-element elementor-element-5597cf61 elementor-section-boxed elementor-section-height-default elementor-section-height-default\" data-id=\"5597cf61\" data-element_type=\"section\">\n\t\t\t\t\t\t<div class=\"elementor-container elementor-column-gap-default\">\n\t\t\t\t\t<div class=\"elementor-column elementor-col-100 elementor-top-column elementor-element elementor-element-4f4ced99\" data-id=\"4f4ced99\" data-element_type=\"column\">\n\t\t\t<div class=\"elementor-widget-wrap elementor-element-populated\">\n\t\t\t\t\t\t<div class=\"elementor-element elementor-element-76c6efc elementor-widget elementor-widget-heading\" data-id=\"76c6efc\" data-element_type=\"widget\" data-widget_type=\"heading.default\">\n\t\t\t\t<div class=\"elementor-widget-container\">\n\t\t\t\t\t<h2 class=\"elementor-heading-title elementor-size-default\"><br><b><br>Termine f\u00fcr die Sonographie ( Schilddr\u00fcse u. Abdomen) sowie Kinderechokardiographie k\u00f6nnen weiterhin online gebucht werden &gt;&gt;&gt; www.dr-donovalova.de<\/b><\/h2>\t\t\t\t<\/div>\n\t\t\t\t<\/div>\n\t\t\t\t<div class=\"elementor-element elementor-element-c17c66d elementor-widget elementor-widget-text-editor\" data-id=\"c17c66d\" data-element_type=\"widget\" data-widget_type=\"text-editor.default\">\n\t\t\t\t<div class=\"elementor-widget-container\">\n\t\t\t\t\t\t\t\t\t<p>\u00a0<\/p><p><strong><span style=\"color: var( --e-global-color-text ); font-family: var( --e-global-typography-text-font-family ), Sans-serif; background-color: #f2e7df; font-size: 1rem;\">Au\u00dferhalb der Sprechzeiten ist der kassen\u00e4rztliche Bereitschaftsdienst\u00a0 unter der Tel. Nr.\u00a0 116 117 erreichbar.<\/span><\/strong><\/p>\t\t\t\t\t\t\t\t<\/div>\n\t\t\t\t<\/div>\n\t\t\t\t\t<\/div>\n\t\t<\/div>\n\t\t\t\t\t<\/div>\n\t\t<\/section>\n\t\t\t\t<\/div>\n\t\t","protected":false},"excerpt":{"rendered":"<p>Termine f\u00fcr die Sonographie ( Schilddr\u00fcse u. Abdomen) sowie Kinderechokardiographie k\u00f6nnen weiterhin online gebucht werden &gt;&gt;&gt; www.dr-donovalova.de \u00a0 Au\u00dferhalb der Sprechzeiten ist der kassen\u00e4rztliche Bereitschaftsdienst\u00a0 unter der Tel. Nr.\u00a0 116 117 erreichbar.<\/p>\n","protected":false},"author":1,"featured_media":0,"parent":0,"menu_order":0,"comment_status":"closed","ping_status":"closed","template":"elementor_header_footer","meta":{"footnotes":""},"class_list":["post-3781","page","type-page","status-publish","hentry"],"_links":{"self":[{"href":"https:\/\/designarbeit.com\/neustadtpraxis\/wp-json\/wp\/v2\/pages\/3781","targetHints":{"allow":["GET"]}}],"collection":[{"href":"https:\/\/designarbeit.com\/neustadtpraxis\/wp-json\/wp\/v2\/pages"}],"about":[{"href":"https:\/\/designarbeit.com\/neustadtpraxis\/wp-json\/wp\/v2\/types\/page"}],"author":[{"embeddable":true,"href":"https:\/\/designarbeit.com\/neustadtpraxis\/wp-json\/wp\/v2\/users\/1"}],"replies":[{"embeddable":true,"href":"https:\/\/designarbeit.com\/neustadtpraxis\/wp-json\/wp\/v2\/comments?post=3781"}],"version-history":[{"count":455,"href":"https:\/\/designarbeit.com\/neustadtpraxis\/wp-json\/wp\/v2\/pages\/3781\/revisions"}],"predecessor-version":[{"id":4815,"href":"https:\/\/designarbeit.com\/neustadtpraxis\/wp-json\/wp\/v2\/pages\/3781\/revisions\/4815"}],"wp:attachment":[{"href":"https:\/\/designarbeit.com\/neustadtpraxis\/wp-json\/wp\/v2\/media?parent=3781"}],"curies":[{"name":"wp","href":"https:\/\/api.w.org\/{rel}","templated":true}]}}