{"id":3701,"date":"2022-05-08T08:52:38","date_gmt":"2022-05-08T06:52:38","guid":{"rendered":"https:\/\/designarbeit.com\/neustadtpraxis\/?page_id=3701"},"modified":"2022-05-27T15:51:06","modified_gmt":"2022-05-27T13:51:06","slug":"elementor-3701","status":"publish","type":"page","link":"https:\/\/designarbeit.com\/neustadtpraxis\/elementor-3701\/","title":{"rendered":"Elementor #3701"},"content":{"rendered":"\t\t<div data-elementor-type=\"wp-page\" data-elementor-id=\"3701\" class=\"elementor elementor-3701\" data-elementor-post-type=\"page\">\n\t\t\t\t\t\t<section class=\"elementor-section elementor-top-section elementor-element elementor-element-7fb2058c elementor-section-full_width elementor-section-height-default elementor-section-height-default\" data-id=\"7fb2058c\" data-element_type=\"section\">\n\t\t\t\t\t\t<div class=\"elementor-container elementor-column-gap-default\">\n\t\t\t\t\t<div class=\"elementor-column elementor-col-50 elementor-top-column elementor-element elementor-element-7a048805\" data-id=\"7a048805\" data-element_type=\"column\">\n\t\t\t<div class=\"elementor-widget-wrap elementor-element-populated\">\n\t\t\t\t\t\t<div class=\"elementor-element elementor-element-2a53a003 elementor-widget elementor-widget-heading\" data-id=\"2a53a003\" data-element_type=\"widget\" data-widget_type=\"heading.default\">\n\t\t\t\t<div class=\"elementor-widget-container\">\n\t\t\t\t\t<h1 class=\"elementor-heading-title elementor-size-default\">Ausstellung von <b> J\u00fcrgen M\u00fcller<\/b><\/h1>\t\t\t\t<\/div>\n\t\t\t\t<\/div>\n\t\t\t\t\t<\/div>\n\t\t<\/div>\n\t\t\t\t<div class=\"elementor-column elementor-col-50 elementor-top-column elementor-element elementor-element-42a7b29\" data-id=\"42a7b29\" data-element_type=\"column\">\n\t\t\t<div class=\"elementor-widget-wrap elementor-element-populated\">\n\t\t\t\t\t\t<div class=\"elementor-element elementor-element-2a0fe30f elementor-widget elementor-widget-text-editor\" data-id=\"2a0fe30f\" data-element_type=\"widget\" data-widget_type=\"text-editor.default\">\n\t\t\t\t<div class=\"elementor-widget-container\">\n\t\t\t\t\t\t\t\t\t<p>Mein Name ist <strong>Ju\u0308rgen Mu\u0308ller<\/strong> und ich wurde am 1962 in Leipzig geboren. In Leipzig habe ich auch Medizin studiert. Eigentlich bin ich als Chefarzt im Lausitzer Seenland Klinikum in Hoyerswerda t\u00e4tig. Nach vielen Jahren ku\u0308nstlerischer Unt\u00e4tigkeit habe ich mich Anfang 2018 endlich doch entschlossen Pinsel und Leinwand in die Hand zu nehmen und zu malen. Zuerst mit Acryl, sp\u00e4ter mit \u00d6l. Dabei verwende ich gerne verschiedene Techniken gemeinsam in einem Bild. Pinsel, Spachtel, Rolle aber auch Gie\u00dftechniken bis hin zu Halbplastiken und Plastiken kommen zum Einsatz. Dadurch ist es m\u00f6glich, dass jeder Betrachter etwas Anderes sieht. Hier in dieser Ausstellung gibt es <strong>Bildern auf hochwertigen<\/strong> Leinw\u00e4nden zu sehen. Mein Ku\u0308rzel JM ist meist unten rechts zu sehen. Viel Spa\u00df beim Betrachten. Wenn Sie an einem der Bilder <strong>Interesse haben<\/strong>, melden Sie sich einfach per mail unter: <strong>rpchj@web.de<\/strong><\/p>\t\t\t\t\t\t\t\t<\/div>\n\t\t\t\t<\/div>\n\t\t\t\t\t<\/div>\n\t\t<\/div>\n\t\t\t\t\t<\/div>\n\t\t<\/section>\n\t\t\t\t<section class=\"elementor-section elementor-top-section elementor-element elementor-element-2a287b0d elementor-section-full_width elementor-section-height-default elementor-section-height-default\" data-id=\"2a287b0d\" data-element_type=\"section\">\n\t\t\t\t\t\t<div class=\"elementor-container elementor-column-gap-default\">\n\t\t\t\t\t<div class=\"elementor-column elementor-col-100 elementor-top-column elementor-element elementor-element-39255862\" data-id=\"39255862\" data-element_type=\"column\">\n\t\t\t<div class=\"elementor-widget-wrap elementor-element-populated\">\n\t\t\t\t\t\t<div class=\"elementor-element elementor-element-6092d84 elementor-widget elementor-widget-image\" data-id=\"6092d84\" data-element_type=\"widget\" data-settings=\"{&quot;motion_fx_motion_fx_scrolling&quot;:&quot;yes&quot;,&quot;motion_fx_translateY_effect&quot;:&quot;yes&quot;,&quot;motion_fx_translateY_speed&quot;:{&quot;unit&quot;:&quot;px&quot;,&quot;size&quot;:&quot;2&quot;,&quot;sizes&quot;:[]},&quot;motion_fx_devices&quot;:[&quot;desktop&quot;],&quot;motion_fx_translateY_affectedRange&quot;:{&quot;unit&quot;:&quot;%&quot;,&quot;size&quot;:&quot;&quot;,&quot;sizes&quot;:{&quot;start&quot;:0,&quot;end&quot;:100}}}\" data-widget_type=\"image.default\">\n\t\t\t\t<div class=\"elementor-widget-container\">\n\t\t\t\t\t\t\t\t\t\t\t\t\t\t\t<img fetchpriority=\"high\" decoding=\"async\" width=\"1980\" height=\"1267\" src=\"https:\/\/designarbeit.com\/neustadtpraxis\/wp-content\/uploads\/sites\/3\/2022\/05\/Drmueller1.jpg\" class=\"attachment-full size-full wp-image-3707\" alt=\"\" srcset=\"https:\/\/designarbeit.com\/neustadtpraxis\/wp-content\/uploads\/sites\/3\/2022\/05\/Drmueller1.jpg 1980w, https:\/\/designarbeit.com\/neustadtpraxis\/wp-content\/uploads\/sites\/3\/2022\/05\/Drmueller1-300x192.jpg 300w, https:\/\/designarbeit.com\/neustadtpraxis\/wp-content\/uploads\/sites\/3\/2022\/05\/Drmueller1-1024x655.jpg 1024w, https:\/\/designarbeit.com\/neustadtpraxis\/wp-content\/uploads\/sites\/3\/2022\/05\/Drmueller1-768x491.jpg 768w, https:\/\/designarbeit.com\/neustadtpraxis\/wp-content\/uploads\/sites\/3\/2022\/05\/Drmueller1-1536x983.jpg 1536w\" sizes=\"(max-width: 1980px) 100vw, 1980px\" \/>\t\t\t\t\t\t\t\t\t\t\t\t\t\t\t<\/div>\n\t\t\t\t<\/div>\n\t\t\t\t\t<\/div>\n\t\t<\/div>\n\t\t\t\t\t<\/div>\n\t\t<\/section>\n\t\t\t\t<section class=\"elementor-section elementor-top-section elementor-element elementor-element-9352d8e elementor-section-full_width elementor-section-height-default elementor-section-height-default\" data-id=\"9352d8e\" data-element_type=\"section\">\n\t\t\t\t\t\t<div class=\"elementor-container elementor-column-gap-default\">\n\t\t\t\t\t<div class=\"elementor-column elementor-col-100 elementor-top-column elementor-element elementor-element-582f1ce4\" data-id=\"582f1ce4\" data-element_type=\"column\" data-settings=\"{&quot;motion_fx_motion_fx_scrolling&quot;:&quot;yes&quot;,&quot;motion_fx_translateX_effect&quot;:&quot;yes&quot;,&quot;motion_fx_translateX_speed&quot;:{&quot;unit&quot;:&quot;px&quot;,&quot;size&quot;:&quot;1&quot;,&quot;sizes&quot;:[]},&quot;motion_fx_translateX_affectedRange&quot;:{&quot;unit&quot;:&quot;%&quot;,&quot;size&quot;:&quot;&quot;,&quot;sizes&quot;:{&quot;start&quot;:&quot;0&quot;,&quot;end&quot;:&quot;50&quot;}},&quot;motion_fx_devices&quot;:[&quot;desktop&quot;,&quot;tablet&quot;]}\">\n\t\t\t<div class=\"elementor-widget-wrap elementor-element-populated\">\n\t\t\t\t\t\t<div class=\"elementor-element elementor-element-3f822a9d elementor-widget-divider--view-line_text elementor-widget-divider--element-align-left elementor-widget elementor-widget-divider\" data-id=\"3f822a9d\" data-element_type=\"widget\" data-widget_type=\"divider.default\">\n\t\t\t\t<div class=\"elementor-widget-container\">\n\t\t\t\t\t\t\t<div class=\"elementor-divider\">\n\t\t\t<span class=\"elementor-divider-separator\">\n\t\t\t\t\t\t\t<span class=\"elementor-divider__text elementor-divider__element\">\n\t\t\t\tJ\u00fcrgen M\u00fcller <b>Bilder<\/b>\t\t\t\t<\/span>\n\t\t\t\t\t\t<\/span>\n\t\t<\/div>\n\t\t\t\t\t\t<\/div>\n\t\t\t\t<\/div>\n\t\t\t\t\t<\/div>\n\t\t<\/div>\n\t\t\t\t\t<\/div>\n\t\t<\/section>\n\t\t\t\t<section class=\"elementor-section elementor-top-section elementor-element elementor-element-cc0921e elementor-section-boxed elementor-section-height-default elementor-section-height-default\" data-id=\"cc0921e\" data-element_type=\"section\">\n\t\t\t\t\t\t<div class=\"elementor-container elementor-column-gap-default\">\n\t\t\t\t\t<div class=\"elementor-column elementor-col-100 elementor-top-column elementor-element elementor-element-82d6910\" data-id=\"82d6910\" data-element_type=\"column\">\n\t\t\t<div class=\"elementor-widget-wrap elementor-element-populated\">\n\t\t\t\t\t\t<div class=\"elementor-element elementor-element-b676653 animated-slow elementor-invisible elementor-widget elementor-widget-gallery\" data-id=\"b676653\" data-element_type=\"widget\" data-settings=\"{&quot;gallery_layout&quot;:&quot;justified&quot;,&quot;ideal_row_height&quot;:{&quot;unit&quot;:&quot;px&quot;,&quot;size&quot;:293,&quot;sizes&quot;:[]},&quot;motion_fx_motion_fx_mouse&quot;:&quot;yes&quot;,&quot;_animation&quot;:&quot;zoomIn&quot;,&quot;lazyload&quot;:&quot;yes&quot;,&quot;ideal_row_height_tablet&quot;:{&quot;unit&quot;:&quot;px&quot;,&quot;size&quot;:150,&quot;sizes&quot;:[]},&quot;ideal_row_height_mobile&quot;:{&quot;unit&quot;:&quot;px&quot;,&quot;size&quot;:150,&quot;sizes&quot;:[]},&quot;gap&quot;:{&quot;unit&quot;:&quot;px&quot;,&quot;size&quot;:10,&quot;sizes&quot;:[]},&quot;gap_tablet&quot;:{&quot;unit&quot;:&quot;px&quot;,&quot;size&quot;:10,&quot;sizes&quot;:[]},&quot;gap_mobile&quot;:{&quot;unit&quot;:&quot;px&quot;,&quot;size&quot;:10,&quot;sizes&quot;:[]},&quot;link_to&quot;:&quot;file&quot;,&quot;overlay_background&quot;:&quot;yes&quot;,&quot;content_hover_animation&quot;:&quot;fade-in&quot;}\" data-widget_type=\"gallery.default\">\n\t\t\t\t<div class=\"elementor-widget-container\">\n\t\t\t\t\t\t\t<div class=\"elementor-gallery__container\">\n\t\t\t\t\t\t\t<a class=\"e-gallery-item elementor-gallery-item elementor-animated-content\" href=\"https:\/\/designarbeit.com\/neustadtpraxis\/wp-content\/uploads\/sites\/3\/2022\/05\/Drmueller2-scaled.jpg\" data-elementor-open-lightbox=\"yes\" data-elementor-lightbox-slideshow=\"b676653\" data-elementor-lightbox-title=\"Drmueller2\" data-e-action-hash=\"#elementor-action%3Aaction%3Dlightbox%26settings%3DeyJpZCI6MzcxMywidXJsIjoiaHR0cHM6XC9cL2Rlc2lnbmFyYmVpdC5jb21cL25ldXN0YWR0cHJheGlzXC93cC1jb250ZW50XC91cGxvYWRzXC9zaXRlc1wvM1wvMjAyMlwvMDVcL0RybXVlbGxlcjItc2NhbGVkLmpwZyIsInNsaWRlc2hvdyI6ImI2NzY2NTMifQ%3D%3D\">\n\t\t\t\t\t<div class=\"e-gallery-image elementor-gallery-item__image\" data-thumbnail=\"https:\/\/designarbeit.com\/neustadtpraxis\/wp-content\/uploads\/sites\/3\/2022\/05\/Drmueller2-300x169.jpg\" data-width=\"300\" data-height=\"169\" aria-label=\"\" role=\"img\" ><\/div>\n\t\t\t\t\t\t\t\t\t\t\t<div class=\"elementor-gallery-item__overlay\"><\/div>\n\t\t\t\t\t\t\t\t\t\t\t\t\t\t<\/a>\n\t\t\t\t\t\t\t<a class=\"e-gallery-item elementor-gallery-item elementor-animated-content\" href=\"https:\/\/designarbeit.com\/neustadtpraxis\/wp-content\/uploads\/sites\/3\/2022\/05\/Drmueller3-scaled.jpg\" data-elementor-open-lightbox=\"yes\" data-elementor-lightbox-slideshow=\"b676653\" data-elementor-lightbox-title=\"Drmueller3\" data-e-action-hash=\"#elementor-action%3Aaction%3Dlightbox%26settings%3DeyJpZCI6MzcxNCwidXJsIjoiaHR0cHM6XC9cL2Rlc2lnbmFyYmVpdC5jb21cL25ldXN0YWR0cHJheGlzXC93cC1jb250ZW50XC91cGxvYWRzXC9zaXRlc1wvM1wvMjAyMlwvMDVcL0RybXVlbGxlcjMtc2NhbGVkLmpwZyIsInNsaWRlc2hvdyI6ImI2NzY2NTMifQ%3D%3D\">\n\t\t\t\t\t<div class=\"e-gallery-image elementor-gallery-item__image\" data-thumbnail=\"https:\/\/designarbeit.com\/neustadtpraxis\/wp-content\/uploads\/sites\/3\/2022\/05\/Drmueller3-300x200.jpg\" data-width=\"300\" data-height=\"200\" aria-label=\"\" role=\"img\" ><\/div>\n\t\t\t\t\t\t\t\t\t\t\t<div class=\"elementor-gallery-item__overlay\"><\/div>\n\t\t\t\t\t\t\t\t\t\t\t\t\t\t<\/a>\n\t\t\t\t\t\t\t<a class=\"e-gallery-item elementor-gallery-item elementor-animated-content\" href=\"https:\/\/designarbeit.com\/neustadtpraxis\/wp-content\/uploads\/sites\/3\/2022\/05\/Drmueller4-scaled.jpg\" data-elementor-open-lightbox=\"yes\" data-elementor-lightbox-slideshow=\"b676653\" data-elementor-lightbox-title=\"Drmueller4\" data-e-action-hash=\"#elementor-action%3Aaction%3Dlightbox%26settings%3DeyJpZCI6MzcxNSwidXJsIjoiaHR0cHM6XC9cL2Rlc2lnbmFyYmVpdC5jb21cL25ldXN0YWR0cHJheGlzXC93cC1jb250ZW50XC91cGxvYWRzXC9zaXRlc1wvM1wvMjAyMlwvMDVcL0RybXVlbGxlcjQtc2NhbGVkLmpwZyIsInNsaWRlc2hvdyI6ImI2NzY2NTMifQ%3D%3D\">\n\t\t\t\t\t<div class=\"e-gallery-image elementor-gallery-item__image\" data-thumbnail=\"https:\/\/designarbeit.com\/neustadtpraxis\/wp-content\/uploads\/sites\/3\/2022\/05\/Drmueller4-300x188.jpg\" data-width=\"300\" data-height=\"188\" aria-label=\"\" role=\"img\" ><\/div>\n\t\t\t\t\t\t\t\t\t\t\t<div class=\"elementor-gallery-item__overlay\"><\/div>\n\t\t\t\t\t\t\t\t\t\t\t\t\t\t<\/a>\n\t\t\t\t\t\t\t<a class=\"e-gallery-item elementor-gallery-item elementor-animated-content\" href=\"https:\/\/designarbeit.com\/neustadtpraxis\/wp-content\/uploads\/sites\/3\/2022\/05\/Drmueller5-scaled.jpg\" data-elementor-open-lightbox=\"yes\" data-elementor-lightbox-slideshow=\"b676653\" data-elementor-lightbox-title=\"Drmueller5\" data-e-action-hash=\"#elementor-action%3Aaction%3Dlightbox%26settings%3DeyJpZCI6MzczMCwidXJsIjoiaHR0cHM6XC9cL2Rlc2lnbmFyYmVpdC5jb21cL25ldXN0YWR0cHJheGlzXC93cC1jb250ZW50XC91cGxvYWRzXC9zaXRlc1wvM1wvMjAyMlwvMDVcL0RybXVlbGxlcjUtc2NhbGVkLmpwZyIsInNsaWRlc2hvdyI6ImI2NzY2NTMifQ%3D%3D\">\n\t\t\t\t\t<div class=\"e-gallery-image elementor-gallery-item__image\" data-thumbnail=\"https:\/\/designarbeit.com\/neustadtpraxis\/wp-content\/uploads\/sites\/3\/2022\/05\/Drmueller5-300x210.jpg\" data-width=\"300\" data-height=\"210\" aria-label=\"\" role=\"img\" ><\/div>\n\t\t\t\t\t\t\t\t\t\t\t<div class=\"elementor-gallery-item__overlay\"><\/div>\n\t\t\t\t\t\t\t\t\t\t\t\t\t\t<\/a>\n\t\t\t\t\t\t\t<a class=\"e-gallery-item elementor-gallery-item elementor-animated-content\" href=\"https:\/\/designarbeit.com\/neustadtpraxis\/wp-content\/uploads\/sites\/3\/2022\/05\/Drmueller6-scaled.jpg\" data-elementor-open-lightbox=\"yes\" data-elementor-lightbox-slideshow=\"b676653\" data-elementor-lightbox-title=\"Drmueller6\" data-e-action-hash=\"#elementor-action%3Aaction%3Dlightbox%26settings%3DeyJpZCI6MzczMSwidXJsIjoiaHR0cHM6XC9cL2Rlc2lnbmFyYmVpdC5jb21cL25ldXN0YWR0cHJheGlzXC93cC1jb250ZW50XC91cGxvYWRzXC9zaXRlc1wvM1wvMjAyMlwvMDVcL0RybXVlbGxlcjYtc2NhbGVkLmpwZyIsInNsaWRlc2hvdyI6ImI2NzY2NTMifQ%3D%3D\">\n\t\t\t\t\t<div class=\"e-gallery-image elementor-gallery-item__image\" data-thumbnail=\"https:\/\/designarbeit.com\/neustadtpraxis\/wp-content\/uploads\/sites\/3\/2022\/05\/Drmueller6-300x300.jpg\" data-width=\"300\" data-height=\"300\" aria-label=\"\" role=\"img\" ><\/div>\n\t\t\t\t\t\t\t\t\t\t\t<div class=\"elementor-gallery-item__overlay\"><\/div>\n\t\t\t\t\t\t\t\t\t\t\t\t\t\t<\/a>\n\t\t\t\t\t\t\t<a class=\"e-gallery-item elementor-gallery-item elementor-animated-content\" href=\"https:\/\/designarbeit.com\/neustadtpraxis\/wp-content\/uploads\/sites\/3\/2022\/05\/Drmueller7.jpg\" data-elementor-open-lightbox=\"yes\" data-elementor-lightbox-slideshow=\"b676653\" data-elementor-lightbox-title=\"Drmueller7\" data-e-action-hash=\"#elementor-action%3Aaction%3Dlightbox%26settings%3DeyJpZCI6Mzg1OCwidXJsIjoiaHR0cHM6XC9cL2Rlc2lnbmFyYmVpdC5jb21cL25ldXN0YWR0cHJheGlzXC93cC1jb250ZW50XC91cGxvYWRzXC9zaXRlc1wvM1wvMjAyMlwvMDVcL0RybXVlbGxlcjcuanBnIiwic2xpZGVzaG93IjoiYjY3NjY1MyJ9\">\n\t\t\t\t\t<div class=\"e-gallery-image elementor-gallery-item__image\" data-thumbnail=\"https:\/\/designarbeit.com\/neustadtpraxis\/wp-content\/uploads\/sites\/3\/2022\/05\/Drmueller7-300x200.jpg\" data-width=\"300\" data-height=\"200\" aria-label=\"\" role=\"img\" ><\/div>\n\t\t\t\t\t\t\t\t\t\t\t<div class=\"elementor-gallery-item__overlay\"><\/div>\n\t\t\t\t\t\t\t\t\t\t\t\t\t\t<\/a>\n\t\t\t\t\t\t\t<a class=\"e-gallery-item elementor-gallery-item elementor-animated-content\" href=\"https:\/\/designarbeit.com\/neustadtpraxis\/wp-content\/uploads\/sites\/3\/2022\/05\/Drmueller9.jpg\" data-elementor-open-lightbox=\"yes\" data-elementor-lightbox-slideshow=\"b676653\" data-elementor-lightbox-title=\"Drmueller9\" data-e-action-hash=\"#elementor-action%3Aaction%3Dlightbox%26settings%3DeyJpZCI6Mzg2MCwidXJsIjoiaHR0cHM6XC9cL2Rlc2lnbmFyYmVpdC5jb21cL25ldXN0YWR0cHJheGlzXC93cC1jb250ZW50XC91cGxvYWRzXC9zaXRlc1wvM1wvMjAyMlwvMDVcL0RybXVlbGxlcjkuanBnIiwic2xpZGVzaG93IjoiYjY3NjY1MyJ9\">\n\t\t\t\t\t<div class=\"e-gallery-image elementor-gallery-item__image\" data-thumbnail=\"https:\/\/designarbeit.com\/neustadtpraxis\/wp-content\/uploads\/sites\/3\/2022\/05\/Drmueller9-300x200.jpg\" data-width=\"300\" data-height=\"200\" aria-label=\"\" role=\"img\" ><\/div>\n\t\t\t\t\t\t\t\t\t\t\t<div class=\"elementor-gallery-item__overlay\"><\/div>\n\t\t\t\t\t\t\t\t\t\t\t\t\t\t<\/a>\n\t\t\t\t\t\t\t<a class=\"e-gallery-item elementor-gallery-item elementor-animated-content\" href=\"https:\/\/designarbeit.com\/neustadtpraxis\/wp-content\/uploads\/sites\/3\/2022\/05\/Drmueller8.jpg\" data-elementor-open-lightbox=\"yes\" data-elementor-lightbox-slideshow=\"b676653\" data-elementor-lightbox-title=\"Drmueller8\" data-e-action-hash=\"#elementor-action%3Aaction%3Dlightbox%26settings%3DeyJpZCI6Mzg1OSwidXJsIjoiaHR0cHM6XC9cL2Rlc2lnbmFyYmVpdC5jb21cL25ldXN0YWR0cHJheGlzXC93cC1jb250ZW50XC91cGxvYWRzXC9zaXRlc1wvM1wvMjAyMlwvMDVcL0RybXVlbGxlcjguanBnIiwic2xpZGVzaG93IjoiYjY3NjY1MyJ9\">\n\t\t\t\t\t<div class=\"e-gallery-image elementor-gallery-item__image\" data-thumbnail=\"https:\/\/designarbeit.com\/neustadtpraxis\/wp-content\/uploads\/sites\/3\/2022\/05\/Drmueller8-300x200.jpg\" data-width=\"300\" data-height=\"200\" aria-label=\"\" role=\"img\" ><\/div>\n\t\t\t\t\t\t\t\t\t\t\t<div class=\"elementor-gallery-item__overlay\"><\/div>\n\t\t\t\t\t\t\t\t\t\t\t\t\t\t<\/a>\n\t\t\t\t\t\t\t<a class=\"e-gallery-item elementor-gallery-item elementor-animated-content\" href=\"https:\/\/designarbeit.com\/neustadtpraxis\/wp-content\/uploads\/sites\/3\/2022\/05\/Drmueller1-1.jpg\" data-elementor-open-lightbox=\"yes\" data-elementor-lightbox-slideshow=\"b676653\" data-elementor-lightbox-title=\"Drmueller1\" data-e-action-hash=\"#elementor-action%3Aaction%3Dlightbox%26settings%3DeyJpZCI6MzcxMiwidXJsIjoiaHR0cHM6XC9cL2Rlc2lnbmFyYmVpdC5jb21cL25ldXN0YWR0cHJheGlzXC93cC1jb250ZW50XC91cGxvYWRzXC9zaXRlc1wvM1wvMjAyMlwvMDVcL0RybXVlbGxlcjEtMS5qcGciLCJzbGlkZXNob3ciOiJiNjc2NjUzIn0%3D\">\n\t\t\t\t\t<div class=\"e-gallery-image elementor-gallery-item__image\" data-thumbnail=\"https:\/\/designarbeit.com\/neustadtpraxis\/wp-content\/uploads\/sites\/3\/2022\/05\/Drmueller1-1-300x192.jpg\" data-width=\"300\" data-height=\"192\" aria-label=\"\" role=\"img\" ><\/div>\n\t\t\t\t\t\t\t\t\t\t\t<div class=\"elementor-gallery-item__overlay\"><\/div>\n\t\t\t\t\t\t\t\t\t\t\t\t\t\t<\/a>\n\t\t\t\t\t\t\t<a class=\"e-gallery-item elementor-gallery-item elementor-animated-content\" href=\"https:\/\/designarbeit.com\/neustadtpraxis\/wp-content\/uploads\/sites\/3\/2022\/05\/Drmueller10.jpg\" data-elementor-open-lightbox=\"yes\" data-elementor-lightbox-slideshow=\"b676653\" data-elementor-lightbox-title=\"Drmueller10\" data-e-action-hash=\"#elementor-action%3Aaction%3Dlightbox%26settings%3DeyJpZCI6Mzg2MSwidXJsIjoiaHR0cHM6XC9cL2Rlc2lnbmFyYmVpdC5jb21cL25ldXN0YWR0cHJheGlzXC93cC1jb250ZW50XC91cGxvYWRzXC9zaXRlc1wvM1wvMjAyMlwvMDVcL0RybXVlbGxlcjEwLmpwZyIsInNsaWRlc2hvdyI6ImI2NzY2NTMifQ%3D%3D\">\n\t\t\t\t\t<div class=\"e-gallery-image elementor-gallery-item__image\" data-thumbnail=\"https:\/\/designarbeit.com\/neustadtpraxis\/wp-content\/uploads\/sites\/3\/2022\/05\/Drmueller10-239x300.jpg\" data-width=\"239\" data-height=\"300\" aria-label=\"\" role=\"img\" ><\/div>\n\t\t\t\t\t\t\t\t\t\t\t<div class=\"elementor-gallery-item__overlay\"><\/div>\n\t\t\t\t\t\t\t\t\t\t\t\t\t\t<\/a>\n\t\t\t\t\t\t\t<a class=\"e-gallery-item elementor-gallery-item elementor-animated-content\" href=\"https:\/\/designarbeit.com\/neustadtpraxis\/wp-content\/uploads\/sites\/3\/2022\/05\/Drmueller11.jpg\" data-elementor-open-lightbox=\"yes\" data-elementor-lightbox-slideshow=\"b676653\" data-elementor-lightbox-title=\"Drmueller11\" data-e-action-hash=\"#elementor-action%3Aaction%3Dlightbox%26settings%3DeyJpZCI6Mzg2MiwidXJsIjoiaHR0cHM6XC9cL2Rlc2lnbmFyYmVpdC5jb21cL25ldXN0YWR0cHJheGlzXC93cC1jb250ZW50XC91cGxvYWRzXC9zaXRlc1wvM1wvMjAyMlwvMDVcL0RybXVlbGxlcjExLmpwZyIsInNsaWRlc2hvdyI6ImI2NzY2NTMifQ%3D%3D\">\n\t\t\t\t\t<div class=\"e-gallery-image elementor-gallery-item__image\" data-thumbnail=\"https:\/\/designarbeit.com\/neustadtpraxis\/wp-content\/uploads\/sites\/3\/2022\/05\/Drmueller11-300x169.jpg\" data-width=\"300\" data-height=\"169\" aria-label=\"\" role=\"img\" ><\/div>\n\t\t\t\t\t\t\t\t\t\t\t<div class=\"elementor-gallery-item__overlay\"><\/div>\n\t\t\t\t\t\t\t\t\t\t\t\t\t\t<\/a>\n\t\t\t\t\t<\/div>\n\t\t\t\t\t<\/div>\n\t\t\t\t<\/div>\n\t\t\t\t\t<\/div>\n\t\t<\/div>\n\t\t\t\t\t<\/div>\n\t\t<\/section>\n\t\t\t\t<section class=\"elementor-section elementor-top-section elementor-element elementor-element-06502a7 elementor-section-full_width elementor-section-height-default elementor-section-height-default\" data-id=\"06502a7\" data-element_type=\"section\">\n\t\t\t\t\t\t<div class=\"elementor-container elementor-column-gap-default\">\n\t\t\t\t\t<div class=\"elementor-column elementor-col-50 elementor-top-column elementor-element elementor-element-3206929\" data-id=\"3206929\" data-element_type=\"column\">\n\t\t\t<div class=\"elementor-widget-wrap elementor-element-populated\">\n\t\t\t\t\t\t<div class=\"elementor-element elementor-element-e3e43da elementor-widget elementor-widget-heading\" data-id=\"e3e43da\" data-element_type=\"widget\" data-widget_type=\"heading.default\">\n\t\t\t\t<div class=\"elementor-widget-container\">\n\t\t\t\t\t<h1 class=\"elementor-heading-title elementor-size-default\">Sie Haben <b> Interresse<\/b><\/h1>\t\t\t\t<\/div>\n\t\t\t\t<\/div>\n\t\t\t\t\t<\/div>\n\t\t<\/div>\n\t\t\t\t<div class=\"elementor-column elementor-col-50 elementor-top-column elementor-element elementor-element-58fe3b1\" data-id=\"58fe3b1\" data-element_type=\"column\">\n\t\t\t<div class=\"elementor-widget-wrap elementor-element-populated\">\n\t\t\t\t\t\t<div class=\"elementor-element elementor-element-93f9365 elementor-widget elementor-widget-text-editor\" data-id=\"93f9365\" data-element_type=\"widget\" data-widget_type=\"text-editor.default\">\n\t\t\t\t<div class=\"elementor-widget-container\">\n\t\t\t\t\t\t\t\t\t<p>Wenn Sie an einem der Bilder <strong>Interesse haben<\/strong>, sprechen Sie uns einfach in der Praxis an, oder melden Sie sich per mail unter: <strong>rpchj@web.de.\u00a0<\/strong><\/p>\t\t\t\t\t\t\t\t<\/div>\n\t\t\t\t<\/div>\n\t\t\t\t\t<\/div>\n\t\t<\/div>\n\t\t\t\t\t<\/div>\n\t\t<\/section>\n\t\t\t\t<\/div>\n\t\t","protected":false},"excerpt":{"rendered":"<p>Ausstellung von J\u00fcrgen M\u00fcller Mein Name ist Ju\u0308rgen Mu\u0308ller und ich wurde am 1962 in Leipzig geboren. In Leipzig habe ich auch Medizin studiert. Eigentlich bin ich als Chefarzt im Lausitzer Seenland Klinikum in Hoyerswerda t\u00e4tig. Nach vielen Jahren ku\u0308nstlerischer Unt\u00e4tigkeit habe ich mich Anfang 2018 endlich doch entschlossen Pinsel und Leinwand in die Hand [&hellip;]<\/p>\n","protected":false},"author":1,"featured_media":0,"parent":0,"menu_order":0,"comment_status":"closed","ping_status":"closed","template":"elementor_header_footer","meta":{"footnotes":""},"class_list":["post-3701","page","type-page","status-publish","hentry"],"_links":{"self":[{"href":"https:\/\/designarbeit.com\/neustadtpraxis\/wp-json\/wp\/v2\/pages\/3701","targetHints":{"allow":["GET"]}}],"collection":[{"href":"https:\/\/designarbeit.com\/neustadtpraxis\/wp-json\/wp\/v2\/pages"}],"about":[{"href":"https:\/\/designarbeit.com\/neustadtpraxis\/wp-json\/wp\/v2\/types\/page"}],"author":[{"embeddable":true,"href":"https:\/\/designarbeit.com\/neustadtpraxis\/wp-json\/wp\/v2\/users\/1"}],"replies":[{"embeddable":true,"href":"https:\/\/designarbeit.com\/neustadtpraxis\/wp-json\/wp\/v2\/comments?post=3701"}],"version-history":[{"count":35,"href":"https:\/\/designarbeit.com\/neustadtpraxis\/wp-json\/wp\/v2\/pages\/3701\/revisions"}],"predecessor-version":[{"id":3865,"href":"https:\/\/designarbeit.com\/neustadtpraxis\/wp-json\/wp\/v2\/pages\/3701\/revisions\/3865"}],"wp:attachment":[{"href":"https:\/\/designarbeit.com\/neustadtpraxis\/wp-json\/wp\/v2\/media?parent=3701"}],"curies":[{"name":"wp","href":"https:\/\/api.w.org\/{rel}","templated":true}]}}